{"id":1755,"date":"2023-04-17T10:12:20","date_gmt":"2023-04-17T10:12:20","guid":{"rendered":"https:\/\/www.pracen.com\/?page_id=1755"},"modified":"2023-11-27T08:35:31","modified_gmt":"2023-11-27T08:35:31","slug":"hakkimizda","status":"publish","type":"page","link":"https:\/\/www.pracen.com.tr\/?page_id=1755","title":{"rendered":"Hakk\u0131m\u0131zda"},"content":{"rendered":"\t\t<div data-elementor-type=\"wp-page\" data-elementor-id=\"1755\" class=\"elementor elementor-1755\">\n\t\t\t\t\t\t\t<div class=\"elementor-element elementor-element-a839e87 e-con-full e-con\" data-id=\"a839e87\" data-element_type=\"container\" data-settings=\"{&quot;content_width&quot;:&quot;full&quot;}\">\n\t\t\t\t<div class=\"elementor-element elementor-element-0f339aa elementor-widget elementor-widget-video\" data-id=\"0f339aa\" data-element_type=\"widget\" data-settings=\"{&quot;video_type&quot;:&quot;hosted&quot;,&quot;autoplay&quot;:&quot;yes&quot;,&quot;play_on_mobile&quot;:&quot;yes&quot;,&quot;loop&quot;:&quot;yes&quot;,&quot;controls&quot;:&quot;yes&quot;}\" data-widget_type=\"video.default\">\n\t\t\t\t<div class=\"elementor-widget-container\">\n\t\t\t<style>\/*! elementor - v3.12.2 - 23-04-2023 *\/\n.elementor-widget-video .elementor-widget-container{overflow:hidden;transform:translateZ(0)}.elementor-widget-video .elementor-wrapper iframe,.elementor-widget-video .elementor-wrapper video{height:100%;width:100%;display:flex;border:none;background-color:#000}.elementor-widget-video .elementor-open-inline .elementor-custom-embed-image-overlay{position:absolute;top:0;left:0;width:100%;height:100%;background-size:cover;background-position:50%}.elementor-widget-video .elementor-custom-embed-image-overlay{cursor:pointer;text-align:center}.elementor-widget-video .elementor-custom-embed-image-overlay:hover .elementor-custom-embed-play i{opacity:1}.elementor-widget-video .elementor-custom-embed-image-overlay img{display:block;width:100%}.elementor-widget-video .e-hosted-video .elementor-video{-o-object-fit:cover;object-fit:cover}.e-con-inner>.elementor-widget-video,.e-con>.elementor-widget-video{width:var(--container-widget-width);--flex-grow:var(--container-widget-flex-grow)}<\/style>\t\t<div class=\"e-hosted-video elementor-wrapper elementor-open-inline\">\n\t\t\t\t\t<video class=\"elementor-video\" src=\"http:\/\/www.pracen.com\/wp-content\/uploads\/2023\/04\/Black-Modern-Space-Channel-Video-3.mp4\" autoplay=\"\" loop=\"\" controls=\"\" playsinline=\"\" controlsList=\"nodownload\"><\/video>\n\t\t\t\t<\/div>\n\t\t\t\t<\/div>\n\t\t\t\t<\/div>\n\t\t\t\t<\/div>\n\t\t<div class=\"elementor-element elementor-element-f6678c8 e-con-boxed elementor-invisible e-con\" data-id=\"f6678c8\" data-element_type=\"container\" data-settings=\"{&quot;background_background&quot;:&quot;classic&quot;,&quot;animation&quot;:&quot;slideInUp&quot;,&quot;content_width&quot;:&quot;boxed&quot;}\" data-e-bg-lazyload=\"\">\n\t\t\t\t\t<div class=\"e-con-inner\">\n\t\t<div class=\"elementor-element elementor-element-d87e408 e-con-full e-con\" data-id=\"d87e408\" data-element_type=\"container\" data-settings=\"{&quot;content_width&quot;:&quot;full&quot;}\">\n\t\t\t\t<div class=\"elementor-element elementor-element-2c228e4 elementor-widget elementor-widget-image\" data-id=\"2c228e4\" data-element_type=\"widget\" data-widget_type=\"image.default\">\n\t\t\t\t<div class=\"elementor-widget-container\">\n\t\t\t<style>\/*! elementor - v3.12.2 - 23-04-2023 *\/\n.elementor-widget-image{text-align:center}.elementor-widget-image a{display:inline-block}.elementor-widget-image a img[src$=\".svg\"]{width:48px}.elementor-widget-image img{vertical-align:middle;display:inline-block}<\/style>\t\t\t\t\t\t\t\t\t\t\t\t<img loading=\"lazy\" decoding=\"async\" width=\"853\" height=\"1280\" src=\"https:\/\/www.pracen.com.tr\/wp-content\/uploads\/2023\/04\/rocket-launch-spacex-lift-off-693269.jpg\" class=\"attachment-1536x1536 size-1536x1536 wp-image-1773\" alt=\"rocket launch, spacex, lift-off-693269.jpg\" srcset=\"https:\/\/www.pracen.com.tr\/wp-content\/uploads\/2023\/04\/rocket-launch-spacex-lift-off-693269.jpg 853w, https:\/\/www.pracen.com.tr\/wp-content\/uploads\/2023\/04\/rocket-launch-spacex-lift-off-693269-200x300.jpg 200w, https:\/\/www.pracen.com.tr\/wp-content\/uploads\/2023\/04\/rocket-launch-spacex-lift-off-693269-682x1024.jpg 682w, https:\/\/www.pracen.com.tr\/wp-content\/uploads\/2023\/04\/rocket-launch-spacex-lift-off-693269-768x1152.jpg 768w\" sizes=\"auto, (max-width: 853px) 100vw, 853px\" \/>\t\t\t\t\t\t\t\t\t\t\t\t\t\t\t<\/div>\n\t\t\t\t<\/div>\n\t\t\t\t<\/div>\n\t\t<div class=\"elementor-element elementor-element-1775227 e-con-full e-con\" data-id=\"1775227\" data-element_type=\"container\" data-settings=\"{&quot;content_width&quot;:&quot;full&quot;}\">\n\t\t\t\t<div class=\"elementor-element elementor-element-20c77ec elementor-widget elementor-widget-heading\" data-id=\"20c77ec\" data-element_type=\"widget\" data-widget_type=\"heading.default\">\n\t\t\t\t<div class=\"elementor-widget-container\">\n\t\t\t<style>\/*! elementor - v3.12.2 - 23-04-2023 *\/\n.elementor-heading-title{padding:0;margin:0;line-height:1}.elementor-widget-heading .elementor-heading-title[class*=elementor-size-]>a{color:inherit;font-size:inherit;line-height:inherit}.elementor-widget-heading .elementor-heading-title.elementor-size-small{font-size:15px}.elementor-widget-heading .elementor-heading-title.elementor-size-medium{font-size:19px}.elementor-widget-heading .elementor-heading-title.elementor-size-large{font-size:29px}.elementor-widget-heading .elementor-heading-title.elementor-size-xl{font-size:39px}.elementor-widget-heading .elementor-heading-title.elementor-size-xxl{font-size:59px}<\/style><h2 class=\"elementor-heading-title elementor-size-medium\">PRACEN Teknoloji M\u00fchendislik parlak fikirleri, m\u00fchendislik yetkinli\u011fi ve ba\u015far\u0131s\u0131n\u0131 kan\u0131tlam\u0131\u015f profesyonel ekibi ile T\u00fcrk sanayisinin m\u00fchendislik kabiliyetini inovatif \u00e7\u00f6z\u00fcm metotlar\u0131yla artt\u0131rmak amac\u0131yla 2018 y\u0131l\u0131nda Uluda\u011f \u00dcniversitesi Teknoloji Geli\u015ftirme B\u00f6lgesi\u2019nde kurulan bir teknoloji giri\u015fim firmas\u0131d\u0131r.<br><br>\nSahip oldu\u011fu m\u00fchendislik yetenekleri ile sonlu elamanlar\u0131 \u00e7\u00f6z\u00fcm metoduna dayal\u0131 statik, dinamik, yorulma, expilicit analizlerde R66 Rollover ve CFD analizleri konular\u0131nda m\u00fchendislik analizleri hizmeti sunmaktad\u0131r. <br><br>\n3D CAD modelleme konusunda sahip oldu\u011fu \u00fcretim odakl\u0131 tasar\u0131m geli\u015ftirme yetene\u011fi ile proses makineleri ve \u00f6zel test sistemlerinin m\u00fchendislik tasar\u0131mlar\u0131n\u0131 yapmakta ve sahip oldu\u011fu i\u015f ortaklar\u0131 ile \u00fcretim s\u00fcre\u00e7lerini ger\u00e7ekle\u015ftirmektedir. <br><br>\nHeyecan\u0131m\u0131z, tutkumuz, ara\u015ft\u0131rmac\u0131 kimli\u011fimiz ve ekip ruhumuz, hayalleri ve fikirleri hayata ge\u00e7irmekteki azmimiz yol g\u00f6steren rehberimizdir. \u0130nsani etik ve \u00e7evreci ilkelerden asla ayr\u0131lmaz. \u0130\u015f stratejilerinde daima sorumluluk, sonu\u00e7 odakl\u0131l\u0131k ve \u00e7eviklik ilkelerini g\u00f6zetir.<\/h2>\t\t<\/div>\n\t\t\t\t<\/div>\n\t\t\t\t<\/div>\n\t\t\t\t\t<\/div>\n\t\t\t\t<\/div>\n\t\t<div class=\"elementor-element elementor-element-d5a6f7c e-con-boxed elementor-invisible e-con\" data-id=\"d5a6f7c\" data-element_type=\"container\" data-settings=\"{&quot;animation&quot;:&quot;slideInUp&quot;,&quot;content_width&quot;:&quot;boxed&quot;}\">\n\t\t\t\t\t<div class=\"e-con-inner\">\n\t\t\t\t<div class=\"elementor-element elementor-element-9f0d61f elementor-view-default elementor-mobile-position-top elementor-vertical-align-top elementor-widget elementor-widget-icon-box\" data-id=\"9f0d61f\" data-element_type=\"widget\" data-widget_type=\"icon-box.default\">\n\t\t\t\t<div class=\"elementor-widget-container\">\n\t\t\t<link rel=\"stylesheet\" href=\"http:\/\/www.pracen.com\/wp-content\/plugins\/elementor\/assets\/css\/widget-icon-box.min.css\">\t\t<div class=\"elementor-icon-box-wrapper\">\n\t\t\t\t\t\t<div class=\"elementor-icon-box-icon\">\n\t\t\t\t<span class=\"elementor-icon elementor-animation-\" >\n\t\t\t\t<svg aria-hidden=\"true\" class=\"e-font-icon-svg e-far-eye\" viewBox=\"0 0 576 512\" xmlns=\"http:\/\/www.w3.org\/2000\/svg\"><path d=\"M288 144a110.94 110.94 0 0 0-31.24 5 55.4 55.4 0 0 1 7.24 27 56 56 0 0 1-56 56 55.4 55.4 0 0 1-27-7.24A111.71 111.71 0 1 0 288 144zm284.52 97.4C518.29 135.59 410.93 64 288 64S57.68 135.64 3.48 241.41a32.35 32.35 0 0 0 0 29.19C57.71 376.41 165.07 448 288 448s230.32-71.64 284.52-177.41a32.35 32.35 0 0 0 0-29.19zM288 400c-98.65 0-189.09-55-237.93-144C98.91 167 189.34 112 288 112s189.09 55 237.93 144C477.1 345 386.66 400 288 400z\"><\/path><\/svg>\t\t\t\t<\/span>\n\t\t\t<\/div>\n\t\t\t\t\t\t<div class=\"elementor-icon-box-content\">\n\t\t\t\t<h3 class=\"elementor-icon-box-title\">\n\t\t\t\t\t<span  >\n\t\t\t\t\t\tM\u0130SYONUMUZ\t\t\t\t\t<\/span>\n\t\t\t\t<\/h3>\n\t\t\t\t\t\t\t\t\t<p class=\"elementor-icon-box-description\">\n\t\t\t\t\t\tDinamik \u00e7al\u0131\u015fma k\u00fclt\u00fcr\u00fc ile bilgi ve tecr\u00fcbesini s\u00fcrekli geli\u015ftirerek i\u015f ortaklar\u0131 i\u00e7in \u00e7\u00f6z\u00fcm odakl\u0131, g\u00fcven veren, de\u011fer \u00fcreten ve beklentinin \u00f6tesinde m\u00fchendislik hizmetleri sunmak, yar\u0131n\u0131n y\u00f6netici, giri\u015fimci ve ara\u015ft\u0131rmac\u0131lar\u0131n\u0131 yeti\u015ftirmek ve geli\u015ftirmekte oldu\u011fu teknolojik \u00fcr\u00fcnlerini ticarile\u015ftirerek ulusal geli\u015fime katk\u0131 sunmakt\u0131r. \t\t\t\t\t<\/p>\n\t\t\t\t\t\t\t<\/div>\n\t\t<\/div>\n\t\t\t\t<\/div>\n\t\t\t\t<\/div>\n\t\t\t\t\t<\/div>\n\t\t\t\t<\/div>\n\t\t<div class=\"elementor-element elementor-element-287002e e-con-boxed elementor-invisible e-con\" data-id=\"287002e\" data-element_type=\"container\" data-settings=\"{&quot;animation&quot;:&quot;slideInUp&quot;,&quot;content_width&quot;:&quot;boxed&quot;}\">\n\t\t\t\t\t<div class=\"e-con-inner\">\n\t\t\t\t<div class=\"elementor-element elementor-element-c85bceb elementor-view-default elementor-mobile-position-top elementor-vertical-align-top elementor-widget elementor-widget-icon-box\" data-id=\"c85bceb\" data-element_type=\"widget\" data-widget_type=\"icon-box.default\">\n\t\t\t\t<div class=\"elementor-widget-container\">\n\t\t\t\t\t<div class=\"elementor-icon-box-wrapper\">\n\t\t\t\t\t\t<div class=\"elementor-icon-box-icon\">\n\t\t\t\t<span class=\"elementor-icon elementor-animation-\" >\n\t\t\t\t<svg aria-hidden=\"true\" class=\"e-font-icon-svg e-fas-rocket\" viewBox=\"0 0 512 512\" xmlns=\"http:\/\/www.w3.org\/2000\/svg\"><path d=\"M505.12019,19.09375c-1.18945-5.53125-6.65819-11-12.207-12.1875C460.716,0,435.507,0,410.40747,0,307.17523,0,245.26909,55.20312,199.05238,128H94.83772c-16.34763.01562-35.55658,11.875-42.88664,26.48438L2.51562,253.29688A28.4,28.4,0,0,0,0,264a24.00867,24.00867,0,0,0,24.00582,24H127.81618l-22.47457,22.46875c-11.36521,11.36133-12.99607,32.25781,0,45.25L156.24582,406.625c11.15623,11.1875,32.15619,13.15625,45.27726,0l22.47457-22.46875V488a24.00867,24.00867,0,0,0,24.00581,24,28.55934,28.55934,0,0,0,10.707-2.51562l98.72834-49.39063c14.62888-7.29687,26.50776-26.5,26.50776-42.85937V312.79688c72.59753-46.3125,128.03493-108.40626,128.03493-211.09376C512.07526,76.5,512.07526,51.29688,505.12019,19.09375ZM384.04033,168A40,40,0,1,1,424.05,128,40.02322,40.02322,0,0,1,384.04033,168Z\"><\/path><\/svg>\t\t\t\t<\/span>\n\t\t\t<\/div>\n\t\t\t\t\t\t<div class=\"elementor-icon-box-content\">\n\t\t\t\t<h3 class=\"elementor-icon-box-title\">\n\t\t\t\t\t<span  >\n\t\t\t\t\t\tV\u0130ZYONUMUZ\t\t\t\t\t<\/span>\n\t\t\t\t<\/h3>\n\t\t\t\t\t\t\t\t\t<p class=\"elementor-icon-box-description\">\n\t\t\t\t\t\tPRACEN, m\u00fc\u015fterilerin i\u015f s\u00fcre\u00e7lerini en verimli hale getirmelerine yard\u0131mc\u0131 olmak i\u00e7in yenilik\u00e7i \u00e7\u00f6z\u00fcmler sunarak sekt\u00f6rde \u00f6nc\u00fc olmay\u0131 hedefler. M\u00fc\u015fteri odakl\u0131 yakla\u015f\u0131m ve \u00f6zelle\u015ftirilmi\u015f \u00e7\u00f6z\u00fcmlerle fark yarat\u0131rken, inovasyona ve s\u00fcrd\u00fcr\u00fclebilirli\u011fe \u00f6nem verir. \u00c7al\u0131\u015fanlar\u0131n\u0131n ba\u015far\u0131s\u0131yla g\u00fc\u00e7lenerek, yar\u0131n\u0131n d\u00fcnyas\u0131na \u00f6nc\u00fcl\u00fck eder ve s\u00fcrd\u00fcr\u00fclebilir bir gelecek in\u015fa eder.\t\t\t\t\t<\/p>\n\t\t\t\t\t\t\t<\/div>\n\t\t<\/div>\n\t\t\t\t<\/div>\n\t\t\t\t<\/div>\n\t\t\t\t\t<\/div>\n\t\t\t\t<\/div>\n\t\t<div class=\"elementor-element elementor-element-98338ff e-con-boxed elementor-invisible e-con\" data-id=\"98338ff\" data-element_type=\"container\" data-settings=\"{&quot;background_background&quot;:&quot;classic&quot;,&quot;animation&quot;:&quot;slideInUp&quot;,&quot;content_width&quot;:&quot;boxed&quot;}\" data-e-bg-lazyload=\"\">\n\t\t\t\t\t<div class=\"e-con-inner\">\n\t\t\t\t<div class=\"elementor-element elementor-element-5a5e9f6 elementor-invisible elementor-widget elementor-widget-heading\" data-id=\"5a5e9f6\" data-element_type=\"widget\" data-settings=\"{&quot;_animation&quot;:&quot;fadeInUp&quot;}\" data-widget_type=\"heading.default\">\n\t\t\t\t<div class=\"elementor-widget-container\">\n\t\t\t<h2 class=\"elementor-heading-title elementor-size-medium\"><br><br><b>TEMEL DE\u011eERLER\u0130M\u0130Z<br><\/b><br>\u00c7\u00f6z\u00fcm Odakl\u0131l\u0131k, G\u00fcven, \u00c7eviklik, \u015eeffafl\u0131k, <br>Plana Uygunluk, S\u00fcrd\u00fcr\u00fclebilirlik<br><\/h2>\t\t<\/div>\n\t\t\t\t<\/div>\n\t\t\t\t\t<\/div>\n\t\t\t\t<\/div>\n\t\t\t\t\t\t\t<\/div>\n\t\t","protected":false},"excerpt":{"rendered":"<p>http:\/\/www.pracen.com\/wp-content\/uploads\/2023\/04\/Black-Modern-Space-Channel-Video-3.mp4 PRACEN Teknoloji M\u00fchendislik parlak fikirleri, m\u00fchendislik yetkinli\u011fi ve ba\u015far\u0131s\u0131n\u0131 kan\u0131tlam\u0131\u015f profesyonel ekibi ile T\u00fcrk sanayisinin m\u00fchendislik kabiliyetini inovatif \u00e7\u00f6z\u00fcm metotlar\u0131yla artt\u0131rmak amac\u0131yla 2018 y\u0131l\u0131nda Uluda\u011f \u00dcniversitesi Teknoloji Geli\u015ftirme B\u00f6lgesi\u2019nde kurulan bir teknoloji giri\u015fim firmas\u0131d\u0131r. Sahip oldu\u011fu m\u00fchendislik yetenekleri ile sonlu elamanlar\u0131 \u00e7\u00f6z\u00fcm metoduna dayal\u0131 statik, dinamik, yorulma, expilicit analizlerde R66 Rollover ve CFD analizleri &hellip;<\/p>\n<p class=\"read-more\"> <a class=\"\" href=\"https:\/\/www.pracen.com.tr\/?page_id=1755\"> <span class=\"screen-reader-text\">Hakk\u0131m\u0131zda<\/span> Read More &raquo;<\/a><\/p>\n","protected":false},"author":1,"featured_media":0,"parent":0,"menu_order":0,"comment_status":"closed","ping_status":"closed","template":"","meta":{"site-sidebar-layout":"no-sidebar","site-content-layout":"page-builder","ast-global-header-display":"","ast-main-header-display":"","ast-hfb-above-header-display":"","ast-hfb-below-header-display":"","ast-hfb-mobile-header-display":"","site-post-title":"disabled","ast-breadcrumbs-content":"","ast-featured-img":"disabled","footer-sml-layout":"","theme-transparent-header-meta":"","adv-header-id-meta":"","stick-header-meta":"","header-above-stick-meta":"","header-main-stick-meta":"","header-below-stick-meta":"","footnotes":""},"class_list":["post-1755","page","type-page","status-publish","hentry"],"_links":{"self":[{"href":"https:\/\/www.pracen.com.tr\/index.php?rest_route=\/wp\/v2\/pages\/1755","targetHints":{"allow":["GET"]}}],"collection":[{"href":"https:\/\/www.pracen.com.tr\/index.php?rest_route=\/wp\/v2\/pages"}],"about":[{"href":"https:\/\/www.pracen.com.tr\/index.php?rest_route=\/wp\/v2\/types\/page"}],"author":[{"embeddable":true,"href":"https:\/\/www.pracen.com.tr\/index.php?rest_route=\/wp\/v2\/users\/1"}],"replies":[{"embeddable":true,"href":"https:\/\/www.pracen.com.tr\/index.php?rest_route=%2Fwp%2Fv2%2Fcomments&post=1755"}],"version-history":[{"count":19,"href":"https:\/\/www.pracen.com.tr\/index.php?rest_route=\/wp\/v2\/pages\/1755\/revisions"}],"predecessor-version":[{"id":1832,"href":"https:\/\/www.pracen.com.tr\/index.php?rest_route=\/wp\/v2\/pages\/1755\/revisions\/1832"}],"wp:attachment":[{"href":"https:\/\/www.pracen.com.tr\/index.php?rest_route=%2Fwp%2Fv2%2Fmedia&parent=1755"}],"curies":[{"name":"wp","href":"https:\/\/api.w.org\/{rel}","templated":true}]}}